{"id":20,"date":"2018-08-31T08:52:03","date_gmt":"2018-08-31T08:52:03","guid":{"rendered":"http:\/\/artigianafarnese.beprime.it\/home\/"},"modified":"2019-03-18T16:32:39","modified_gmt":"2019-03-18T16:32:39","slug":"home","status":"publish","type":"page","link":"https:\/\/www.artigianafarnese.it\/fr\/","title":{"rendered":"Home"},"content":{"rendered":"","protected":false},"excerpt":{"rendered":"","protected":false},"author":1,"featured_media":0,"parent":0,"menu_order":0,"comment_status":"closed","ping_status":"closed","template":"template-home.php","meta":{"footnotes":""},"class_list":["post-20","page","type-page","status-publish","hentry"],"yoast_head":"<!-- This site is optimized with the Yoast SEO plugin v24.4 - https:\/\/yoast.com\/wordpress\/plugins\/seo\/ -->\n<title>Production d&#039;articles en cuir pour des tiers | Artigiana Farnese<\/title>\n<meta name=\"description\" content=\"Artigiana Farnese est depuis 1998 le point de r\u00e9f\u00e9rence dans la production et le commerce d&#039;articles en cuir. Visitez le site et d\u00e9couvrez l&#039;excellence italienne!\" \/>\n<meta name=\"robots\" content=\"index, follow, max-snippet:-1, max-image-preview:large, max-video-preview:-1\" \/>\n<link rel=\"canonical\" href=\"https:\/\/www.artigianafarnese.it\/fr\/\" \/>\n<meta property=\"og:locale\" content=\"fr_FR\" \/>\n<meta property=\"og:type\" content=\"article\" \/>\n<meta property=\"og:title\" content=\"Production d&#039;articles en cuir pour des tiers | Artigiana Farnese\" \/>\n<meta property=\"og:description\" content=\"Artigiana Farnese est depuis 1998 le point de r\u00e9f\u00e9rence dans la production et le commerce d&#039;articles en cuir. Visitez le site et d\u00e9couvrez l&#039;excellence italienne!\" \/>\n<meta property=\"og:url\" content=\"https:\/\/www.artigianafarnese.it\/fr\/\" \/>\n<meta property=\"og:site_name\" content=\"Artigiana Farnese\" \/>\n<meta property=\"article:modified_time\" content=\"2019-03-18T16:32:39+00:00\" \/>\n<meta name=\"twitter:card\" content=\"summary_large_image\" \/>\n<script type=\"application\/ld+json\" class=\"yoast-schema-graph\">{\"@context\":\"https:\/\/schema.org\",\"@graph\":[{\"@type\":\"WebPage\",\"@id\":\"https:\/\/www.artigianafarnese.it\/fr\/\",\"url\":\"https:\/\/www.artigianafarnese.it\/fr\/\",\"name\":\"Production d'articles en cuir pour des tiers | Artigiana Farnese\",\"isPartOf\":{\"@id\":\"https:\/\/www.artigianafarnese.it\/#website\"},\"datePublished\":\"2018-08-31T08:52:03+00:00\",\"dateModified\":\"2019-03-18T16:32:39+00:00\",\"description\":\"Artigiana Farnese est depuis 1998 le point de r\u00e9f\u00e9rence dans la production et le commerce d'articles en cuir. Visitez le site et d\u00e9couvrez l'excellence italienne!\",\"breadcrumb\":{\"@id\":\"https:\/\/www.artigianafarnese.it\/fr\/#breadcrumb\"},\"inLanguage\":\"fr-FR\",\"potentialAction\":[{\"@type\":\"ReadAction\",\"target\":[\"https:\/\/www.artigianafarnese.it\/fr\/\"]}]},{\"@type\":\"BreadcrumbList\",\"@id\":\"https:\/\/www.artigianafarnese.it\/fr\/#breadcrumb\",\"itemListElement\":[{\"@type\":\"ListItem\",\"position\":1,\"name\":\"Home\",\"item\":\"https:\/\/www.artigianafarnese.it\/fr\/\"},{\"@type\":\"ListItem\",\"position\":2,\"name\":\"Home\"}]},{\"@type\":\"WebSite\",\"@id\":\"https:\/\/www.artigianafarnese.it\/#website\",\"url\":\"https:\/\/www.artigianafarnese.it\/\",\"name\":\"Artigiana Farnese\",\"description\":\"Artigiana Farnese\",\"potentialAction\":[{\"@type\":\"SearchAction\",\"target\":{\"@type\":\"EntryPoint\",\"urlTemplate\":\"https:\/\/www.artigianafarnese.it\/?s={search_term_string}\"},\"query-input\":{\"@type\":\"PropertyValueSpecification\",\"valueRequired\":true,\"valueName\":\"search_term_string\"}}],\"inLanguage\":\"fr-FR\"}]}<\/script>\n<!-- \/ Yoast SEO plugin. -->","yoast_head_json":{"title":"Production d'articles en cuir pour des tiers | Artigiana Farnese","description":"Artigiana Farnese est depuis 1998 le point de r\u00e9f\u00e9rence dans la production et le commerce d'articles en cuir. Visitez le site et d\u00e9couvrez l'excellence italienne!","robots":{"index":"index","follow":"follow","max-snippet":"max-snippet:-1","max-image-preview":"max-image-preview:large","max-video-preview":"max-video-preview:-1"},"canonical":"https:\/\/www.artigianafarnese.it\/fr\/","og_locale":"fr_FR","og_type":"article","og_title":"Production d'articles en cuir pour des tiers | Artigiana Farnese","og_description":"Artigiana Farnese est depuis 1998 le point de r\u00e9f\u00e9rence dans la production et le commerce d'articles en cuir. Visitez le site et d\u00e9couvrez l'excellence italienne!","og_url":"https:\/\/www.artigianafarnese.it\/fr\/","og_site_name":"Artigiana Farnese","article_modified_time":"2019-03-18T16:32:39+00:00","twitter_card":"summary_large_image","schema":{"@context":"https:\/\/schema.org","@graph":[{"@type":"WebPage","@id":"https:\/\/www.artigianafarnese.it\/fr\/","url":"https:\/\/www.artigianafarnese.it\/fr\/","name":"Production d'articles en cuir pour des tiers | Artigiana Farnese","isPartOf":{"@id":"https:\/\/www.artigianafarnese.it\/#website"},"datePublished":"2018-08-31T08:52:03+00:00","dateModified":"2019-03-18T16:32:39+00:00","description":"Artigiana Farnese est depuis 1998 le point de r\u00e9f\u00e9rence dans la production et le commerce d'articles en cuir. Visitez le site et d\u00e9couvrez l'excellence italienne!","breadcrumb":{"@id":"https:\/\/www.artigianafarnese.it\/fr\/#breadcrumb"},"inLanguage":"fr-FR","potentialAction":[{"@type":"ReadAction","target":["https:\/\/www.artigianafarnese.it\/fr\/"]}]},{"@type":"BreadcrumbList","@id":"https:\/\/www.artigianafarnese.it\/fr\/#breadcrumb","itemListElement":[{"@type":"ListItem","position":1,"name":"Home","item":"https:\/\/www.artigianafarnese.it\/fr\/"},{"@type":"ListItem","position":2,"name":"Home"}]},{"@type":"WebSite","@id":"https:\/\/www.artigianafarnese.it\/#website","url":"https:\/\/www.artigianafarnese.it\/","name":"Artigiana Farnese","description":"Artigiana Farnese","potentialAction":[{"@type":"SearchAction","target":{"@type":"EntryPoint","urlTemplate":"https:\/\/www.artigianafarnese.it\/?s={search_term_string}"},"query-input":{"@type":"PropertyValueSpecification","valueRequired":true,"valueName":"search_term_string"}}],"inLanguage":"fr-FR"}]}},"_links":{"self":[{"href":"https:\/\/www.artigianafarnese.it\/fr\/wp-json\/wp\/v2\/pages\/20"}],"collection":[{"href":"https:\/\/www.artigianafarnese.it\/fr\/wp-json\/wp\/v2\/pages"}],"about":[{"href":"https:\/\/www.artigianafarnese.it\/fr\/wp-json\/wp\/v2\/types\/page"}],"author":[{"embeddable":true,"href":"https:\/\/www.artigianafarnese.it\/fr\/wp-json\/wp\/v2\/users\/1"}],"replies":[{"embeddable":true,"href":"https:\/\/www.artigianafarnese.it\/fr\/wp-json\/wp\/v2\/comments?post=20"}],"version-history":[{"count":13,"href":"https:\/\/www.artigianafarnese.it\/fr\/wp-json\/wp\/v2\/pages\/20\/revisions"}],"predecessor-version":[{"id":916,"href":"https:\/\/www.artigianafarnese.it\/fr\/wp-json\/wp\/v2\/pages\/20\/revisions\/916"}],"wp:attachment":[{"href":"https:\/\/www.artigianafarnese.it\/fr\/wp-json\/wp\/v2\/media?parent=20"}],"curies":[{"name":"wp","href":"https:\/\/api.w.org\/{rel}","templated":true}]}}